{"id":2,"date":"2016-11-22T10:03:37","date_gmt":"2016-11-22T10:03:37","guid":{"rendered":"http:\/\/fac.univ-ghardaia.edu.dz\/bouras\/?page_id=2"},"modified":"2016-12-13T13:04:52","modified_gmt":"2016-12-13T12:04:52","slug":"cv","status":"publish","type":"page","link":"https:\/\/fac.univ-ghardaia.edu.dz\/bouras\/ar\/cv","title":{"rendered":"\u0627\u0644\u0633\u064a\u0631\u0629 \u0627\u0644\u0630\u0627\u062a\u064a\u0629"},"content":{"rendered":"<p><\/p>\n<p dir=\"RTL\" style=\"text-align: right\"><span style=\"color: #800000;font-size: 24pt\"><strong>\u0627\u0644\u0623\u0633\u062a\u0627\u0630 \u0627\u0644\u062f\u0643\u062a\u0648\u0631 \u0646\u0648\u0631\u0627\u0644\u062f\u064a\u0646 \u0628\u0646 \u0645\u062d\u0645\u0651\u062f \u0628\u0648\u0631\u0627\u0633<\/strong><\/span><\/p>\n<p dir=\"RTL\" style=\"text-align: right\">\u062a\u0627\u0631\u064a\u062e \u0648\u0645\u0643\u0627\u0646 \u0627\u0644\u0645\u064a\u0644\u0627\u062f: 15 \u0623\u0643\u062a\u0648\u0628\u0631 1977 \u0628\u0645\u062f\u064a\u0646\u0629 \u0628\u0646\u064a \u064a\u0632\u0642\u0646\u060c \u0648\u0644\u0627\u064a\u0629 \u063a\u0631\u062f\u0627\u064a\u0629. \u0627\u0644\u062c\u0632\u0627\u0626\u0631.<\/p>\n<p dir=\"RTL\" style=\"text-align: right\">\u0627\u0644\u062d\u0627\u0644\u0629 \u0627\u0644\u0639\u0627\u0626\u0644\u064a\u0629: \u0645\u062a\u0632\u0648\u062c\u060c \u0648\u0623\u0628 \u0644\u0648\u0644\u062f\u064a\u0646<span dir=\"LTR\">.<\/span><\/p>\n<p dir=\"RTL\" style=\"text-align: right\">\u0627\u0644\u0639\u0646\u0648\u0627\u0646 \u0627\u0644\u0628\u0631\u064a\u062f\u064a: \u0635.\u0628 378 \u0628\u0646\u064a \u064a\u0632\u0642\u0646\u060c \u063a\u0640\u0631\u062f\u0627\u064a\u0629 47000 \u2013 \u0627\u0644\u062c\u0632\u0627\u0626\u0631.<\/p>\n<p dir=\"RTL\" style=\"text-align: right\">\u0627\u0644\u0628\u0631\u064a\u062f \u0627\u0644\u0625\u0644\u0643\u062a\u0631\u0648\u0646\u064a:\u00a0<span dir=\"LTR\">noureddine_bouras@yahoo.fr <\/span>\u00a0\u00a0\u0648\u00a0 <span dir=\"LTR\">bouras@univ-ghardaia.dz<\/span><\/p>\n<p dir=\"RTL\" style=\"text-align: right\">\u0627\u0644\u0647\u0627\u062a\u0641 \u0627\u0644\u0646\u0642\u0627\u0644: <span dir=\"LTR\">213 (0) 552\u00a0541 744<\/span><\/p>\n<p dir=\"RTL\" style=\"text-align: right\">\u0627\u0644\u0644\u063a\u0640\u0640\u0627\u062a: \u0627\u0644\u0623\u0645\u0627\u0632\u064a\u063a\u064a\u0629 : \u0627\u0644\u0645\u0632\u0627\u0628\u064a\u0629 (\u0627\u0644\u0644\u063a\u0629 \u0627\u0644\u0623\u0645)\u060c \u0627\u0644\u0639\u0631\u0628\u064a\u0629 (\u0645\u0645\u062a\u0627\u0632)\u060c \u0627\u0644\u0641\u0631\u0646\u0633\u064a\u0629 (\u0645\u0645\u062a\u0627\u0632)\u060c \u0627\u0644\u0625\u0646\u062c\u0644\u064a\u0632\u064a\u0629 (\u0645\u0645\u062a\u0627\u0632) \u0648\u0645\u0628\u0627\u062f\u0626 \u0627\u0644\u0644\u0627\u062a\u064a\u0646\u064a\u0629 (\u0627\u0644\u0645\u0639\u0647\u062f \u0627\u0644\u0643\u0627\u062b\u0648\u0644\u064a\u0643\u064a \u0628\u0645\u062f\u064a\u0646\u0629 \u062a\u0648\u0644\u0648\u0632).<\/p>\n<p dir=\"RTL\" style=\"text-align: right\"><strong><span style=\"color: #ff0000\">1- \u0627\u0644\u0634\u0647\u0627\u062f\u0627\u062a<\/span><\/strong><\/p>\n<p dir=\"RTL\" style=\"text-align: right\">\u2013 \u0623\u0633\u062a\u0627\u0630 \u0627\u0644\u062a\u0639\u0644\u064a\u0645 \u0627\u0644\u0639\u0627\u0644\u064a\u060c \u062c\u0627\u0645\u0639\u0629 \u063a\u0631\u062f\u0627\u064a\u0629 : \u0645\u0646\u0630 \u062c\u0648\u064a\u0644\u064a\u0629 2016.<\/p>\n<p dir=\"RTL\" style=\"text-align: right\">\u2013 \u0634\u0647\u0627\u062f\u0629 \u0627\u0644\u062a\u0623\u0647\u064a\u0644 \u0627\u0644\u062c\u0627\u0645\u0639\u064a<span dir=\"LTR\">(Habilitation Universitaire) <\/span>\u00a0: \u062a\u062e\u0635\u0651\u0635 \u0639\u0644\u0648\u0645 \u0627\u0644\u0623\u062d\u064a\u0627\u0621 \u0627\u0644\u062f\u0642\u064a\u0642\u0629 (\u0627\u0644\u0645\u064a\u0643\u0631\u0648\u0628\u064a\u0648\u0644\u0648\u062c\u064a\u0627)\u060c \u00a0\u062c\u0627\u0645\u0639\u0629 \u0627\u0645\u062d\u0645\u062f \u0628\u0648\u0642\u0631\u0629\u060c \u0628\u0648\u0645\u0631\u062f\u0627\u0633\u060c \u0645\u0627\u0631\u0633 2011.<\/p>\n<p dir=\"RTL\" style=\"text-align: right\">\u2013 \u062f\u0631\u0627\u0633\u0627\u062a \u0645\u0627 \u0628\u0639\u062f \u0627\u0644\u062f\u0643\u062a\u0648\u0631\u0627\u0647 : \u00a0<span dir=\"LTR\">Post-Doctorat<\/span>\u00a0\u0641\u064a \u0627\u0644\u0641\u0637\u0631\u064a\u0627\u062a \u0627\u0644\u062f\u0642\u064a\u0642\u0629 \u0648\u0639\u0644\u0627\u0642\u062a\u0647\u0627 \u0628\u0623\u0645\u0631\u0627\u0636 \u0627\u0644\u0646\u0628\u0627\u062a (\u0627\u0644\u0642\u0645\u062d \u0648\u0627\u0644\u0634\u0639\u064a\u0631) : \u062a\u062e\u0635\u0651\u0635 \u0633\u0645\u0648\u0645 \u0641\u0637\u0631\u064a\u0629\u060c \u062c\u0627\u0645\u0639\u0629 \u0623\u0644\u0628\u0631\u062a\u0627\u060c \u0625\u062f\u0645\u0646\u062a\u0648\u0646 (\u0643\u0646\u062f\u0627)\u060c <span dir=\"LTR\">2008-2006<\/span>.<\/p>\n<p dir=\"RTL\" style=\"text-align: right\">\u2013 \u0634\u0647\u0627\u062f\u0629 \u062f\u0643\u062a\u0648\u0631\u0627\u0647 <span dir=\"LTR\">Ph.D<\/span>\u00a0\u0641\u064a \u0627\u0644\u0647\u0646\u062f\u0633\u0629 \u0627\u0644\u0643\u064a\u0645\u064a\u0627\u0626\u064a\u0629 \u0627\u0644\u0628\u064a\u0626\u064a\u0629 : \u062a\u062e\u0635\u0651\u0635 \u0639\u0644\u0648\u0645 \u0627\u0644\u0623\u062d\u064a\u0627\u0621 \u0627\u0644\u062f\u0642\u064a\u0642\u0629 (\u0627\u0644\u0645\u064a\u0643\u0631\u0648\u0628\u064a\u0648\u0644\u0648\u062c\u064a\u0627)\u060c \u0627\u0644\u0645\u0639\u0647\u062f \u0627\u0644\u0641\u0631\u0646\u0633\u064a \u0645\u062a\u0639\u062f\u0651\u062f \u0627\u0644\u062a\u0642\u0646\u064a\u0627\u062a\u060c \u062a\u0648\u0644\u0648\u0632 (\u0641\u0631\u0646\u0633\u0627)\u060c \u0646\u0648\u0641\u0645\u0628\u0631 2005.<\/p>\n<p dir=\"RTL\" style=\"text-align: right\">\u2013 \u0634\u0647\u0627\u062f\u0629 \u062f\u0631\u0627\u0633\u0627\u062a \u0639\u0644\u064a\u0627 \u0641\u064a \u0627\u0644\u0639\u0644\u0648\u0645 \u0627\u0644\u0632\u0631\u0627\u0639\u064a\u0629<span dir=\"LTR\">(DAA) <\/span>\u00a0: \u062a\u062e\u0635\u0651\u0635 \u0639\u0644\u0648\u0645 \u0627\u0644\u0623\u062d\u064a\u0627\u0621 \u0627\u0644\u062f\u0642\u064a\u0642\u0629 (\u0627\u0644\u0645\u064a\u0643\u0631\u0648\u0628\u064a\u0648\u0644\u0648\u062c\u064a\u0627)\u060c \u0627\u0644\u0645\u0639\u0647\u062f \u0627\u0644\u0641\u0631\u0646\u0633\u064a \u0645\u062a\u0639\u062f\u0651\u062f \u0627\u0644\u062a\u0642\u0646\u064a\u0627\u062a\u060c \u062a\u0648\u0644\u0648\u0632 (\u0641\u0631\u0646\u0633\u0627)\u060c \u0646\u0648\u0641\u0645\u0628\u0631 2001.<\/p>\n<p dir=\"RTL\" style=\"text-align: right\">\u2013 \u0634\u0647\u0627\u062f\u0629 \u0644\u064a\u0633\u0627\u0646\u0633 \u0627\u0644\u062a\u0639\u0644\u064a\u0645 \u0627\u0644\u062b\u0627\u0646\u0648\u064a : \u062a\u062e\u0635\u0651\u0635 \u0639\u0644\u0648\u0645 \u0637\u0628\u064a\u0639\u064a\u0629\u060c \u0627\u0644\u0645\u062f\u0631\u0633\u0629 \u0627\u0644\u0639\u0644\u064a\u0627 \u0644\u0644\u0623\u0633\u0627\u062a\u0630\u0629 \u0628\u0627\u0644\u0642\u0628\u0629\u060c \u0627\u0644\u062c\u0632\u0627\u0626\u0631 \u0627\u0644\u0639\u0627\u0635\u0645\u0629\u060c \u062c\u0648\u0627\u0646 2000.<\/p>\n<p dir=\"RTL\" style=\"text-align: right\"><span style=\"color: #ff0000\"><strong>2- \u0627\u0644\u062e\u0628\u0631\u0629 \u0627\u0644\u0645\u0647\u0646\u064a\u0629:<\/strong><\/span><\/p>\n<p dir=\"RTL\" style=\"text-align: right\">\u2013 \u0623\u0633\u062a\u0627\u0630 \u0645\u062d\u0627\u0636\u0631 \u0628\u0642\u0633\u0645 \u0627\u0644\u0639\u0644\u0648\u0645 \u0627\u0644\u0637\u0628\u064a\u0639\u064a\u0629\u060c \u0627\u0644\u0645\u062f\u0631\u0633\u0629 \u0627\u0644\u0639\u0644\u064a\u0627 \u0644\u0644\u0623\u0633\u0627\u062a\u0630\u0629 \u0628\u0627\u0644\u0642\u0628\u0629\u060c \u0627\u0644\u062c\u0632\u0627\u0626\u0631 \u0627\u0644\u0639\u0627\u0635\u0645\u0629 : <span dir=\"LTR\">2014-2008<\/span>.<\/p>\n<p dir=\"RTL\" style=\"text-align: right\">\u2013 \u0623\u0633\u062a\u0627\u0630 \u0645\u062d\u0627\u0636\u0631 \u0628\u0642\u0633\u0645 \u0627\u0644\u0628\u064a\u0648\u0644\u0648\u062c\u064a\u0627\u060c \u062c\u0627\u0645\u0639\u0629 \u063a\u0631\u062f\u0627\u064a\u0629 : \u0645\u0646\u0630 2014.<\/p>\n<p dir=\"RTL\" style=\"text-align: right\">\u2013 \u0631\u0626\u064a\u0633 \u0641\u0631\u064a\u0642 \u0645\u064a\u062f\u0627\u0646 \u0639\u0644\u0648\u0645 \u0627\u0644\u0637\u0628\u064a\u0639\u0629 \u0648\u0627\u0644\u062d\u064a\u0627\u0629.<\/p>\n<p dir=\"RTL\" style=\"text-align: right\"><span style=\"color: #ff0000\"><strong>3- \u0627\u0644\u0646\u0634\u0627\u0637 \u0627\u0644\u0628\u064a\u062f\u0627\u063a\u0648\u062c\u064a \u0648\u0627\u0644\u062a\u062f\u0631\u064a\u0633 \u0627\u0644\u062c\u0627\u0645\u0639\u064a:<\/strong><\/span><\/p>\n<p dir=\"RTL\" style=\"text-align: right\">\u0627\u0644\u0645\u0642\u0627\u064a\u064a\u0633 \u0627\u0644\u0645\u062f\u0631\u0651\u0633\u0629 \u0647\u064a:<\/p>\n<ul style=\"text-align: right\">\n<li style=\"text-align: right\">(\u0639\u0644\u0645 \u0627\u0644\u0623\u062d\u064a\u0627\u0621 \u0627\u0644\u062f\u0642\u064a\u0642\u0629 (\u0627\u0644\u0645\u064a\u0643\u0631\u0648\u0628\u064a\u0648\u0644\u0648\u062c\u064a\u0627 .<\/li>\n<li style=\"text-align: right\">\u0639\u0644\u0645 \u0627\u0644\u0623\u062d\u064a\u0627\u0621 \u0627\u0644\u062f\u0642\u064a\u0642\u0629 \u0627\u0644\u062a\u0637\u0628\u064a\u0642\u064a .<\/li>\n<li style=\"text-align: right\">\u0627\u0644\u0643\u064a\u0645\u064a\u0627\u0621 \u0627\u0644\u062d\u064a\u0648\u064a\u0629 \u0627\u0644\u0645\u064a\u0643\u0631\u0648\u0628\u064a\u0629 .<\/li>\n<li style=\"text-align: right\">\u0627\u0644\u0643\u064a\u0645\u064a\u0627\u0621 \u0627\u0644\u062d\u064a\u0648\u064a\u0629 \u0627\u0644\u062e\u0644\u0648\u064a\u0629 \u0648\u0627\u0644\u0648\u0638\u064a\u0641\u064a\u0629 .<\/li>\n<li style=\"text-align: right\">\u0627\u0644\u0643\u064a\u0645\u064a\u0627\u0621 \u0627\u0644\u062d\u064a\u0648\u064a\u0629 \u0627\u0644\u062a\u0637\u0628\u064a\u0642\u064a .<\/li>\n<li style=\"text-align: right\">\u0627\u0644\u0643\u064a\u0645\u064a\u0627\u0621 \u0627\u0644\u062d\u064a\u0648\u064a\u0629 \u0644\u0644\u0645\u0631\u0643\u0628\u0627\u062a \u0627\u0644\u0646\u0634\u0637\u0629 .<\/li>\n<li style=\"text-align: right\">(\u0627\u0644\u0628\u064a\u0648\u0644\u0648\u062c\u064a\u0627 \u0627\u0644\u062e\u0644\u0648\u064a\u0629 (\u0639\u0644\u0645 \u0627\u0644\u062e\u0644\u064a\u0629 .<\/li>\n<li style=\"text-align: right\">\u0627\u0644\u0628\u064a\u0648\u0644\u0648\u062c\u064a\u0627 \u0627\u0644\u062c\u0632\u064a\u0626\u064a\u0629 .<\/li>\n<li style=\"text-align: right\">\u0627\u0644\u0647\u0646\u062f\u0633\u0629 \u0627\u0644\u0648\u0631\u0627\u062b\u064a\u0629 .<\/li>\n<li style=\"text-align: right\">(\u0639\u0644\u0645 \u0623\u0645\u0631\u0627\u0636 \u0627\u0644\u0646\u0628\u0627\u062a (\u0627\u0644\u0633\u0645\u0648\u0645 \u0627\u0644\u0641\u0637\u0631\u064a\u0629 .<\/li>\n<li style=\"text-align: right\">(\u0627\u0644\u0645\u0635\u0637\u0644\u062d\u0627\u062a \u0627\u0644\u0639\u0644\u0645\u064a\u0629 (\u0628\u0627\u0644\u0625\u0646\u062c\u0644\u064a\u0632\u064a\u0629 .<\/li>\n<\/ul>\n<p dir=\"RTL\" style=\"text-align: right\"><span style=\"color: #ff0000\"><strong>4- \u0627\u0644\u0628\u062d\u062b \u0627\u0644\u0639\u0644\u0645\u064a:<\/strong><\/span><\/p>\n<p dir=\"RTL\" style=\"text-align: right\">\u2013 \u0639\u0636\u0648 \u0645\u062e\u0628\u0631 \u0627\u0644\u0628\u064a\u0648\u0644\u0648\u062c\u064a\u0627 \u0648\u0627\u0644\u0623\u0646\u0638\u0645\u0629 \u0627\u0644\u0645\u064a\u0643\u0631\u0648\u0628\u064a\u0629<span dir=\"LTR\">(Laboratoire de Biologie des Syst\u00e8mes Microbiens) <\/span>\u060c \u0627\u0644\u0645\u062f\u0631\u0633\u0629 \u0627\u0644\u0639\u0644\u064a\u0627 \u0644\u0644\u0623\u0633\u0627\u062a\u0630\u0629 \u0628\u0627\u0644\u0642\u0628\u0629\u060c \u0627\u0644\u062c\u0632\u0627\u0626\u0631 \u0627\u0644\u0639\u0627\u0635\u0645\u0629.<\/p>\n<p dir=\"RTL\" style=\"text-align: right\">\u2013\u00a0\u0646\u0634\u0631 \u0627\u0644\u0639\u062f\u064a\u062f \u0645\u0646 \u0627\u0644\u0645\u0642\u0627\u0644\u0627\u062a \u0641\u064a \u0645\u062c\u0644\u0627\u062a \u0648\u0637\u0646\u064a\u0629 \u0648\u062f\u0648\u0644\u064a\u0629 \u0645\u062d\u0643\u0651\u0645\u0629.<\/p>\n<p dir=\"RTL\" style=\"text-align: right\">\u2013\u00a0\u0627\u0644\u0645\u0634\u0627\u0631\u0643\u0629 \u0641\u064a \u0639\u062f\u062f \u0645\u0646\u00a0\u0627\u0644\u0645\u0644\u062a\u0642\u064a\u0627\u062a\u00a0\u0627\u0644\u0648\u0637\u0646\u064a\u0629 \u0648\u0627\u0644\u062f\u0648\u0644\u064a\u0629.<\/p>\n<ul style=\"text-align: right\">\n<li><strong>.\u0644\u0645\u0632\u064a\u062f \u0645\u0646 \u0627\u0644\u062a\u0641\u0627\u0635\u064a\u0644: \u0623\u0646\u0638\u0631 \u0627\u0644\u0635\u0641\u062d\u0629 \u0628\u0627\u0644\u0641\u0631\u0646\u0633\u064a\u0629 \u0648\u0627\u0644\u0625\u0646\u062c\u0644\u064a\u0632\u064a\u0629 .<\/strong><\/li>\n<\/ul>\n<p dir=\"RTL\" style=\"text-align: right\"><span style=\"color: #ff0000\"><strong>5- \u0645\u0634\u0627\u0631\u064a\u0639 \u0627\u0644\u0628\u062d\u062b:<\/strong><\/span><\/p>\n<ul style=\"text-align: right\">\n<li><strong>.\u0623\u0646\u0638\u0631 \u0627\u0644\u0635\u0641\u062d\u0629 \u0628\u0627\u0644\u0641\u0631\u0646\u0633\u064a\u0629 \u0648\u0627\u0644\u0625\u0646\u062c\u0644\u064a\u0632\u064a\u0629 .<\/strong><\/li>\n<\/ul>\n<p dir=\"RTL\" style=\"text-align: right\"><span style=\"color: #ff0000\"><strong><span dir=\"LTR\">6<\/span><\/strong><strong>&#8211; \u0627\u0644\u0647\u064a\u0626\u0627\u062a \u0627\u0644\u0639\u0644\u0645\u064a\u0629:<\/strong><\/span><\/p>\n<p dir=\"RTL\" style=\"text-align: right\">\u0639\u0636\u0648 \u0627\u0644\u062c\u0645\u0639\u064a\u0629 \u0627\u0644\u0641\u0631\u0646\u0633\u064a\u0629 \u0644\u0639\u0644\u0645 \u0627\u0644\u0623\u062d\u064a\u0627\u0621 \u0627\u0644\u062f\u0642\u064a\u0642\u0629<span dir=\"LTR\">la Soci\u00e9t\u00e9 Fran\u00e7aise de Microbiologie :\u00a0<\/span>: <span dir=\"LTR\">2010-2002<\/span>.<\/p>\n<p dir=\"RTL\" style=\"text-align: right\">\u0639\u0636\u0648 \u0627\u0644\u062c\u0645\u0639\u064a\u0629 \u0627\u0644\u0641\u0631\u0646\u0633\u064a\u0629 \u0644\u0644\u0647\u0646\u062f\u0633\u0629 \u0627\u0644\u0643\u064a\u0645\u064a\u0627\u0626\u064a\u0629<span dir=\"LTR\">la Soci\u00e9t\u00e9 Fran\u00e7aise de G\u00e9nie des Proc\u00e9d\u00e9s :\u00a0<\/span>: <span dir=\"LTR\">2010-2001<\/span>.<\/p>\n<p dir=\"RTL\" style=\"text-align: right\">\u0639\u0636\u0648 \u0627\u0644\u062c\u0645\u0639\u064a\u0629 \u0627\u0644\u0643\u0646\u062f\u064a\u0629 \u0644\u0639\u0644\u0645 \u0623\u0645\u0631\u0627\u0636 \u0627\u0644\u0646\u0628\u0627\u062a : Canadian Phytopathological Society:<span dir=\"LTR\">\u00a0<\/span>\u00a0<span dir=\"LTR\">2010-2006<\/span>.<\/p>\n<p><\/p>","protected":false},"excerpt":{"rendered":"<p>\u0627\u0644\u0623\u0633\u062a\u0627\u0630 \u0627\u0644\u062f\u0643\u062a\u0648\u0631 \u0646\u0648\u0631\u0627\u0644\u062f\u064a\u0646 \u0628\u0646 \u0645\u062d\u0645\u0651\u062f \u0628\u0648\u0631\u0627\u0633 \u062a\u0627\u0631\u064a\u062e \u0648\u0645\u0643\u0627\u0646 \u0627\u0644\u0645\u064a\u0644\u0627\u062f: 15 \u0623\u0643\u062a\u0648\u0628\u0631 1977 \u0628\u0645\u062f\u064a\u0646\u0629 \u0628\u0646\u064a \u064a\u0632\u0642\u0646\u060c \u0648\u0644\u0627\u064a\u0629 \u063a\u0631\u062f\u0627\u064a\u0629. \u0627\u0644\u062c\u0632\u0627\u0626\u0631. \u0627\u0644\u062d\u0627\u0644\u0629 \u0627\u0644\u0639\u0627\u0626\u0644\u064a\u0629: \u0645\u062a\u0632\u0648\u062c\u060c \u0648\u0623\u0628 \u0644\u0648\u0644\u062f\u064a\u0646. \u0627\u0644\u0639\u0646\u0648\u0627\u0646 \u0627\u0644\u0628\u0631\u064a\u062f\u064a: \u0635.\u0628 378 \u0628\u0646\u064a \u064a\u0632\u0642\u0646\u060c \u063a\u0640\u0631\u062f\u0627\u064a\u0629 47000 \u2013 \u0627\u0644\u062c\u0632\u0627\u0626\u0631. \u0627\u0644\u0628\u0631\u064a\u062f \u0627\u0644\u0625\u0644\u0643\u062a\u0631\u0648\u0646\u064a:\u00a0noureddine_bouras@yahoo.fr \u00a0\u00a0\u0648\u00a0 bouras@univ-ghardaia.dz \u0627\u0644\u0647\u0627\u062a\u0641 \u0627\u0644\u0646\u0642\u0627\u0644: 213<span class=\"ellipsis\">&hellip;<\/span><\/p>\n<div class=\"read-more\"><a href=\"https:\/\/fac.univ-ghardaia.edu.dz\/bouras\/ar\/cv\">\u0627\u0644\u0645\u0632\u064a\u062f &#8250;<\/a><\/div>\n<p><!-- end of .read-more --><\/p>\n","protected":false},"author":7,"featured_media":0,"parent":0,"menu_order":0,"comment_status":"closed","ping_status":"open","template":"","meta":{"_monsterinsights_skip_tracking":false,"_monsterinsights_sitenote_active":false,"_monsterinsights_sitenote_note":"","_monsterinsights_sitenote_category":0,"footnotes":""},"class_list":["post-2","page","type-page","status-publish","hentry"],"_links":{"self":[{"href":"https:\/\/fac.univ-ghardaia.edu.dz\/bouras\/ar\/wp-json\/wp\/v2\/pages\/2","targetHints":{"allow":["GET"]}}],"collection":[{"href":"https:\/\/fac.univ-ghardaia.edu.dz\/bouras\/ar\/wp-json\/wp\/v2\/pages"}],"about":[{"href":"https:\/\/fac.univ-ghardaia.edu.dz\/bouras\/ar\/wp-json\/wp\/v2\/types\/page"}],"author":[{"embeddable":true,"href":"https:\/\/fac.univ-ghardaia.edu.dz\/bouras\/ar\/wp-json\/wp\/v2\/users\/7"}],"replies":[{"embeddable":true,"href":"https:\/\/fac.univ-ghardaia.edu.dz\/bouras\/ar\/wp-json\/wp\/v2\/comments?post=2"}],"version-history":[{"count":22,"href":"https:\/\/fac.univ-ghardaia.edu.dz\/bouras\/ar\/wp-json\/wp\/v2\/pages\/2\/revisions"}],"predecessor-version":[{"id":43,"href":"https:\/\/fac.univ-ghardaia.edu.dz\/bouras\/ar\/wp-json\/wp\/v2\/pages\/2\/revisions\/43"}],"wp:attachment":[{"href":"https:\/\/fac.univ-ghardaia.edu.dz\/bouras\/ar\/wp-json\/wp\/v2\/media?parent=2"}],"curies":[{"name":"wp","href":"https:\/\/api.w.org\/{rel}","templated":true}]}}